{"id":374,"date":"2025-11-23T22:32:47","date_gmt":"2025-11-23T22:32:47","guid":{"rendered":"https:\/\/www.apic.bzh\/?page_id=374"},"modified":"2025-12-02T09:52:24","modified_gmt":"2025-12-02T08:52:24","slug":"qui-sommes-nous","status":"publish","type":"page","link":"https:\/\/www.apic.bzh\/index.php\/qui-sommes-nous\/","title":{"rendered":"Qui sommes nous ?"},"content":{"rendered":"\n<p>APIC, l\u2019Association Plabennecoise d\u2019Initiatives Citoyennes, est n\u00e9e en 2025 de la volont\u00e9 d\u2019habitants de Plabennec d\u2019agir concr\u00e8tement pour am\u00e9liorer la vie locale. Nous avons voulu cr\u00e9er un mouvement ouvert, participatif et solidaire, pour encourager chacun \u00e0 devenir acteur du changement dans son quotidien.<\/p>\n\n\n\n<p>L\u2019engagement citoyen, le vivre-ensemble, la solidarit\u00e9, le respect de l\u2019Autre et du territoire. Nous d\u00e9fendons l\u2019id\u00e9e que chaque initiative, m\u00eame petite, peut avoir un impact r\u00e9el lorsqu\u2019elle est partag\u00e9e et port\u00e9e collectivement. C\u2019est d\u2019ailleurs ce qui guide notre fonctionnement : partir des habitants, de leurs envies, de leurs besoins.<\/p>\n\n\n\n<p>Nous intervenons principalement \u00e0 Plabennec, mais aussi sur le Pays des Abers. L\u2019id\u00e9e est de cr\u00e9er des passerelles, de mutualiser les exp\u00e9riences, et d\u2019\u00e9largir les dynamiques citoyennes \u00e0 l\u2019\u00e9chelle d\u2019un bassin de vie coh\u00e9rent.<\/p>\n\n\n\n<p>Plusieurs types d\u2019initiatives :<br>\u2013 des <strong>soir\u00e9es d\u2019\u00e9changes<\/strong> sur des th\u00e9matiques locales et concr\u00e8tes \u2013 des <strong>rencontres inter associations<\/strong> pour favoriser la coop\u00e9ration ;<br>\u2013 des <strong>temps de discussion dans les quartiers<\/strong>, directement avec les habitants ;<br>\u2013 et, plus largement, toute action qui aide \u00e0 cr\u00e9er du lien, \u00e0 imaginer collectivement des solutions ou \u00e0 am\u00e9liorer le quotidien<\/p>\n\n\n","protected":false},"excerpt":{"rendered":"<p>APIC, l\u2019Association Plabennecoise d\u2019Initiatives Citoyennes, est n\u00e9e en 2025 de la volont\u00e9 d\u2019habitants de Plabennec d\u2019agir concr\u00e8tement pour am\u00e9liorer la vie locale. Nous avons voulu cr\u00e9er un mouvement ouvert, participatif [&hellip;]<\/p>\n","protected":false},"author":1,"featured_media":0,"parent":0,"menu_order":0,"comment_status":"closed","ping_status":"closed","template":"","meta":{"saved_in_kubio":true,"footnotes":""},"class_list":["post-374","page","type-page","status-publish","hentry"],"kubio_ai_page_context":{"short_desc":"","purpose":"general"},"_links":{"self":[{"href":"https:\/\/www.apic.bzh\/index.php\/wp-json\/wp\/v2\/pages\/374","targetHints":{"allow":["GET"]}}],"collection":[{"href":"https:\/\/www.apic.bzh\/index.php\/wp-json\/wp\/v2\/pages"}],"about":[{"href":"https:\/\/www.apic.bzh\/index.php\/wp-json\/wp\/v2\/types\/page"}],"author":[{"embeddable":true,"href":"https:\/\/www.apic.bzh\/index.php\/wp-json\/wp\/v2\/users\/1"}],"replies":[{"embeddable":true,"href":"https:\/\/www.apic.bzh\/index.php\/wp-json\/wp\/v2\/comments?post=374"}],"version-history":[{"count":3,"href":"https:\/\/www.apic.bzh\/index.php\/wp-json\/wp\/v2\/pages\/374\/revisions"}],"predecessor-version":[{"id":685,"href":"https:\/\/www.apic.bzh\/index.php\/wp-json\/wp\/v2\/pages\/374\/revisions\/685"}],"wp:attachment":[{"href":"https:\/\/www.apic.bzh\/index.php\/wp-json\/wp\/v2\/media?parent=374"}],"curies":[{"name":"wp","href":"https:\/\/api.w.org\/{rel}","templated":true}]}}